{"id":168,"date":"2023-01-19T10:19:23","date_gmt":"2023-01-19T10:19:23","guid":{"rendered":"https:\/\/etrsspce2023.cnc.uc.pt\/?page_id=168"},"modified":"2023-06-22T10:39:12","modified_gmt":"2023-06-22T09:39:12","slug":"organizing-committee","status":"publish","type":"page","link":"https:\/\/etrs-spce2023.cnc.uc.pt\/?page_id=168","title":{"rendered":"Organizing Committee"},"content":{"rendered":"\n<div class=\"is-layout-flex wp-container-3 wp-block-columns\">\n<div class=\"is-layout-flow wp-block-column\"><div class=\"wp-block-image is-style-rounded\">\n<figure class=\"aligncenter size-full is-resized\"><img decoding=\"async\" loading=\"lazy\" src=\"https:\/\/etrs-spce2023.cnc.uc.pt\/wp-content\/uploads\/2023\/02\/Eugenia-1.jpeg\" alt=\"\" class=\"wp-image-315\" width=\"200\" height=\"200\"\/><\/figure><\/div><\/div>\n\n\n\n<div class=\"is-layout-flow wp-block-column\"><div class=\"wp-block-image is-style-rounded\">\n<figure class=\"aligncenter size-full is-resized\"><img decoding=\"async\" loading=\"lazy\" src=\"https:\/\/etrs-spce2023.cnc.uc.pt\/wp-content\/uploads\/2023\/01\/BdGvaX00_400x400-2.jpg\" alt=\"\" class=\"wp-image-185\" width=\"200\" height=\"200\"\/><\/figure><\/div><\/div>\n<\/div>\n\n\n\n<div class=\"is-layout-flex wp-container-6 wp-block-columns\">\n<div class=\"is-layout-flow wp-block-column\">\n<p class=\"has-text-align-center has-black-color has-text-color has-small-font-size\"><strong>Eug<\/strong><strong>\u00e9<\/strong><strong>nia Carvalho<\/strong><\/p>\n\n\n\n<p class=\"has-text-align-center has-black-color has-text-color has-small-font-size\">Conference Chair<\/p>\n<\/div>\n\n\n\n<div class=\"is-layout-flow wp-block-column\">\n<p class=\"has-text-align-center has-black-color has-text-color has-small-font-size\"><strong>Hugo Fernandes<\/strong><\/p>\n\n\n\n<p class=\"has-text-align-center has-black-color has-text-color has-small-font-size\">Conference Chair<\/p>\n<\/div>\n<\/div>\n\n\n\n<div class=\"is-layout-flex wp-container-10 wp-block-columns\">\n<div class=\"is-layout-flow wp-block-column\"><div class=\"wp-block-image is-style-rounded\">\n<figure class=\"aligncenter size-full is-resized\"><img decoding=\"async\" loading=\"lazy\" src=\"https:\/\/etrs-spce2023.cnc.uc.pt\/wp-content\/uploads\/2023\/01\/Carlos.jpeg\" alt=\"\" class=\"wp-image-110\" width=\"200\" height=\"200\"\/><\/figure><\/div><\/div>\n\n\n\n<div class=\"is-layout-flow wp-block-column\"><div class=\"wp-block-image is-style-rounded\">\n<figure class=\"aligncenter size-full is-resized\"><img decoding=\"async\" loading=\"lazy\" src=\"https:\/\/etrs-spce2023.cnc.uc.pt\/wp-content\/uploads\/2023\/01\/Ermelindo.jpeg\" alt=\"\" class=\"wp-image-109\" width=\"200\" height=\"200\"\/><\/figure><\/div><\/div>\n\n\n\n<div class=\"is-layout-flow wp-block-column\"><div class=\"wp-block-image is-style-rounded\">\n<figure class=\"aligncenter size-full is-resized\"><img decoding=\"async\" loading=\"lazy\" src=\"https:\/\/etrs-spce2023.cnc.uc.pt\/wp-content\/uploads\/2023\/01\/picture414.jpeg\" alt=\"\" class=\"wp-image-188\" width=\"200\" height=\"200\"\/><\/figure><\/div><\/div>\n<\/div>\n\n\n\n<div class=\"is-layout-flex wp-container-14 wp-block-columns\">\n<div class=\"is-layout-flow wp-block-column\">\n<p class=\"has-text-align-center has-black-color has-text-color has-small-font-size\"><strong>Carlos Jesus<\/strong><\/p>\n<\/div>\n\n\n\n<div class=\"is-layout-flow wp-block-column\">\n<p class=\"has-text-align-center has-black-color has-text-color has-small-font-size\"><strong>Ermelindo C. Leal<\/strong><\/p>\n<\/div>\n\n\n\n<div class=\"is-layout-flow wp-block-column\">\n<p class=\"has-text-align-center has-black-color has-text-color has-small-font-size\"><strong>Marta Bar\u00e3o<\/strong><\/p>\n<\/div>\n<\/div>\n\n\n\n<div class=\"is-layout-flex wp-container-18 wp-block-columns\">\n<div class=\"is-layout-flow wp-block-column\"><div class=\"wp-block-image is-style-rounded\">\n<figure class=\"aligncenter size-full is-resized\"><img decoding=\"async\" loading=\"lazy\" src=\"https:\/\/etrs-spce2023.cnc.uc.pt\/wp-content\/uploads\/2023\/01\/Diana.jpeg\" alt=\"\" class=\"wp-image-111\" width=\"200\" height=\"200\"\/><\/figure><\/div><\/div>\n\n\n\n<div class=\"is-layout-flow wp-block-column\"><div class=\"wp-block-image is-style-rounded\">\n<figure class=\"aligncenter size-full is-resized\"><img decoding=\"async\" loading=\"lazy\" src=\"https:\/\/etrs-spce2023.cnc.uc.pt\/wp-content\/uploads\/2023\/01\/Foto-Fulbright.jpg\" alt=\"\" class=\"wp-image-187\" width=\"200\" height=\"200\"\/><\/figure><\/div><\/div>\n\n\n\n<div class=\"is-layout-flow wp-block-column\"><div class=\"wp-block-image is-style-rounded\">\n<figure class=\"aligncenter size-full is-resized\"><img decoding=\"async\" loading=\"lazy\" src=\"https:\/\/etrs-spce2023.cnc.uc.pt\/wp-content\/uploads\/2023\/01\/picture410.jpeg\" alt=\"\" class=\"wp-image-189\" width=\"200\" height=\"200\"\/><\/figure><\/div><\/div>\n<\/div>\n\n\n\n<div class=\"is-layout-flex wp-container-22 wp-block-columns\">\n<div class=\"is-layout-flow wp-block-column\">\n<p class=\"has-text-align-center has-black-color has-text-color has-small-font-size\"><strong>Diana Santos<\/strong><\/p>\n<\/div>\n\n\n\n<div class=\"is-layout-flow wp-block-column\">\n<p class=\"has-text-align-center has-black-color has-text-color has-small-font-size\"><strong>Jessica Da Silva<\/strong><\/p>\n<\/div>\n\n\n\n<div class=\"is-layout-flow wp-block-column\">\n<p class=\"has-text-align-center has-black-color has-text-color has-small-font-size\"><strong>Sandra Pinhan\u00e7os<\/strong><\/p>\n<\/div>\n<\/div>\n","protected":false},"excerpt":{"rendered":"<p>Eug\u00e9nia Carvalho Conference Chair Hugo Fernandes Conference Chair Carlos Jesus Ermelindo C. Leal Marta Bar\u00e3o Diana Santos Jessica Da Silva Sandra Pinhan\u00e7os<\/p>\n","protected":false},"author":1,"featured_media":0,"parent":0,"menu_order":0,"comment_status":"closed","ping_status":"closed","template":"","meta":[],"_links":{"self":[{"href":"https:\/\/etrs-spce2023.cnc.uc.pt\/index.php?rest_route=\/wp\/v2\/pages\/168"}],"collection":[{"href":"https:\/\/etrs-spce2023.cnc.uc.pt\/index.php?rest_route=\/wp\/v2\/pages"}],"about":[{"href":"https:\/\/etrs-spce2023.cnc.uc.pt\/index.php?rest_route=\/wp\/v2\/types\/page"}],"author":[{"embeddable":true,"href":"https:\/\/etrs-spce2023.cnc.uc.pt\/index.php?rest_route=\/wp\/v2\/users\/1"}],"replies":[{"embeddable":true,"href":"https:\/\/etrs-spce2023.cnc.uc.pt\/index.php?rest_route=%2Fwp%2Fv2%2Fcomments&post=168"}],"version-history":[{"count":19,"href":"https:\/\/etrs-spce2023.cnc.uc.pt\/index.php?rest_route=\/wp\/v2\/pages\/168\/revisions"}],"predecessor-version":[{"id":997,"href":"https:\/\/etrs-spce2023.cnc.uc.pt\/index.php?rest_route=\/wp\/v2\/pages\/168\/revisions\/997"}],"wp:attachment":[{"href":"https:\/\/etrs-spce2023.cnc.uc.pt\/index.php?rest_route=%2Fwp%2Fv2%2Fmedia&parent=168"}],"curies":[{"name":"wp","href":"https:\/\/api.w.org\/{rel}","templated":true}]}}